{"id":49,"date":"2021-05-15T18:48:20","date_gmt":"2021-05-15T16:48:20","guid":{"rendered":"http:\/\/clicmusikr.cluster017.ovh.net\/?page_id=49"},"modified":"2026-03-30T12:48:46","modified_gmt":"2026-03-30T10:48:46","slug":"indian-music-books","status":"publish","type":"page","link":"https:\/\/www.clicmusic.be\/index.php\/shop\/indian-music-books\/","title":{"rendered":"Indian Music Books"},"content":{"rendered":"\n<p><\/p>\n\n\n\n<h1 class=\"wp-block-heading\">Indian Music books<\/h1>\n\n\n\n<h2 class=\"wp-block-heading\">Practice of Indian Music&nbsp; by Daniel Schell<\/h2>\n\n\n\n<h4 class=\"wp-block-heading\">Exists in French: Pratique de la Musique Indienne<\/h4>\n\n\n\n<p>in collaboration with Ashok Pathak, Dhruba Ghosh, Pandit Jasraj, Gauri Guha, Harsh Wardhan, Sangeeta Bandhyopadhyay and other masters.<\/p>\n\n\n<div class=\"wp-block-image\">\n<figure class=\"aligncenter\"><img loading=\"lazy\" decoding=\"async\" width=\"212\" height=\"300\" src=\"http:\/\/www.clicmusic.be\/wp-content\/uploads\/2020\/12\/PIM_COver_P1Only_Page_1-212x300.jpeg\" alt=\"\" class=\"wp-image-623\" srcset=\"https:\/\/www.clicmusic.be\/wp-content\/uploads\/2020\/12\/PIM_COver_P1Only_Page_1-212x300.jpeg 212w, https:\/\/www.clicmusic.be\/wp-content\/uploads\/2020\/12\/PIM_COver_P1Only_Page_1-724x1024.jpeg 724w, https:\/\/www.clicmusic.be\/wp-content\/uploads\/2020\/12\/PIM_COver_P1Only_Page_1-768x1086.jpeg 768w, https:\/\/www.clicmusic.be\/wp-content\/uploads\/2020\/12\/PIM_COver_P1Only_Page_1-1086x1536.jpeg 1086w, https:\/\/www.clicmusic.be\/wp-content\/uploads\/2020\/12\/PIM_COver_P1Only_Page_1-1448x2048.jpeg 1448w, https:\/\/www.clicmusic.be\/wp-content\/uploads\/2020\/12\/PIM_COver_P1Only_Page_1-141x200.jpeg 141w, https:\/\/www.clicmusic.be\/wp-content\/uploads\/2020\/12\/PIM_COver_P1Only_Page_1.jpeg 1654w\" sizes=\"auto, (max-width: 212px) 100vw, 212px\" \/><\/figure>\n<\/div>\n\n\n<p>A detailed textbook on the practice of Hindustani music with about hundred exercises and tunes\/scores both in Indian and western staff notation. The text was edited by Dieter Tailleux of the department of Oriental Studies, Prof. Callewaert, Univ. of Leuven. It has now also an index in Devanagari.<\/p>\n\n\n\n<p>In English or French, 230p . 40\u20ac plus post.\/ PDF Version 35\u20ac<\/p>\n\n\n\n<h2 class=\"wp-block-heading\">The Pandit Jasraj Songbook by Daniel Schell<\/h2>\n\n\n\n<p>in collaboration with Pandit Jasraj, Ankita Joshi and Wim de Winter<\/p>\n\n\n\n<h3 class=\"wp-block-heading has-text-align-center\"><img loading=\"lazy\" decoding=\"async\" src=\"http:\/\/www.clicmusic.be\/wp-content\/uploads\/2018\/06\/Jasraj_Songbook_Cover_V1x0_Page_1-212x300.jpeg\" alt=\"\" width=\"268\" height=\"379\"><\/h3>\n\n\n\n<p><strong>Contains notation in Staff and Sargam, of famous songs &#8211; with lyrics- by Pandit Jasraj<\/strong><\/p>\n\n\n\n<p>Famous songs in bhairav bahar, gujari todi, madhmad sarang, chaarukeshi, ahir bhairav, bairagi bhairav, puriya danashri, bhairav, jog, bageshrii, bhimplasii, bhairavi, and darbaari.<\/p>\n\n\n\n<p>The darbaari section contains&nbsp; the copmposition <em>eri birari&nbsp;<\/em>&nbsp; in ektaal vilambit with a full notation of Jasraj&#8217;s improvisation. Folowed by <em>bavari<\/em> in tintaal.<\/p>\n\n\n\n<p><strong>English only, 59 pages. 35 \u20ac&nbsp; (no CD included)&nbsp; plus post<\/strong><\/p>\n\n\n\n<h2 class=\"wp-block-heading\">The Harsh Wardahn bansuri (in C or in G) Volume 1, 2 and 3<\/h2>\n\n\n\n<h4 class=\"wp-block-heading\">by Harsh and Vishal Wardhan &amp; Daniel Schell<\/h4>\n\n\n<div class=\"wp-block-image\">\n<figure class=\"aligncenter\"><img loading=\"lazy\" decoding=\"async\" width=\"300\" height=\"169\" src=\"http:\/\/www.clicmusic.be\/wp-content\/uploads\/2017\/03\/Bansuri_All_S-300x169.jpg\" alt=\"\" class=\"wp-image-159\" srcset=\"https:\/\/www.clicmusic.be\/wp-content\/uploads\/2017\/03\/Bansuri_All_S-300x169.jpg 300w, https:\/\/www.clicmusic.be\/wp-content\/uploads\/2017\/03\/Bansuri_All_S.jpg 640w\" sizes=\"auto, (max-width: 300px) 100vw, 300px\" \/><\/figure>\n<\/div>\n\n\n<p><strong>Volume 1 Exists in English and French.<\/strong><\/p>\n\n\n\n<p>Learn how to play the Indian bamboo flute. With a general introduction to Hindustani music.&nbsp; CD included. .Audio is also available on Bandcamp <a href=\"https:\/\/schellkaroind.bandcamp.com\/album\/harsh-wardhan-bansuri-vol-1\">https:\/\/schellkaroind.bandcamp.com\/album\/harsh-wardhan-bansuri-vol-1<\/a><\/p>\n\n\n\n<p>(Fran\u00e7ais: Apprenez le bansuri, la flute indienne en bambou, avec une introduction g\u00e9n\u00e9rale sur la musique Hindustani. Existe avec la notation en Do ou en Sol)<\/p>\n\n\n\n<p><strong>\u00a0Volume 1 Cd included  : 35 \u20ac<\/strong>. Audio is available separately on Bandcamp.<\/p>\n\n\n\n<p>The CD contains all the tunes played by Harsh Wardhan, accompanied on tabla by Sandip Banerjee. in the Tonality : E (Mi)<\/p>\n\n\n\n<p>Audio is available on Bandcamp, <a href=\"https:\/\/schellkaroind.bandcamp.com\/album\/harsh-wardhan-bansuri-vol-1\">https:\/\/schellkaroind.bandcamp.com\/album\/harsh-wardhan-bansuri-vol-1<\/a>. Audio is available on Bandcamp, <a href=\"https:\/\/schellkaroind.bandcamp.com\/album\/harsh-wardhan-bansuri-vol-1\">https:\/\/schellkaroind.bandcamp.com\/album\/harsh-wardhan-bansuri-vol-1<\/a><\/p>\n\n\n<div class=\"wp-block-image\">\n<figure class=\"aligncenter is-resized\"><img loading=\"lazy\" decoding=\"async\" width=\"212\" height=\"300\" src=\"http:\/\/www.clicmusic.be\/wp-content\/uploads\/2020\/12\/Bansuri_Book_C_Vol1_cover_P1Only_Page_1-212x300.jpeg\" alt=\"\" class=\"wp-image-624\" style=\"width:283px;height:auto\" srcset=\"https:\/\/www.clicmusic.be\/wp-content\/uploads\/2020\/12\/Bansuri_Book_C_Vol1_cover_P1Only_Page_1-212x300.jpeg 212w, https:\/\/www.clicmusic.be\/wp-content\/uploads\/2020\/12\/Bansuri_Book_C_Vol1_cover_P1Only_Page_1-724x1024.jpeg 724w, https:\/\/www.clicmusic.be\/wp-content\/uploads\/2020\/12\/Bansuri_Book_C_Vol1_cover_P1Only_Page_1-768x1086.jpeg 768w, https:\/\/www.clicmusic.be\/wp-content\/uploads\/2020\/12\/Bansuri_Book_C_Vol1_cover_P1Only_Page_1-1086x1536.jpeg 1086w, https:\/\/www.clicmusic.be\/wp-content\/uploads\/2020\/12\/Bansuri_Book_C_Vol1_cover_P1Only_Page_1-1448x2048.jpeg 1448w, https:\/\/www.clicmusic.be\/wp-content\/uploads\/2020\/12\/Bansuri_Book_C_Vol1_cover_P1Only_Page_1-141x200.jpeg 141w, https:\/\/www.clicmusic.be\/wp-content\/uploads\/2020\/12\/Bansuri_Book_C_Vol1_cover_P1Only_Page_1.jpeg 1654w\" sizes=\"auto, (max-width: 212px) 100vw, 212px\" \/><\/figure>\n<\/div>\n\n\n<h5 class=\"wp-block-heading\">New: Volume 2 (Only in English) 35\u20ac CD Included. In .PDF 25\u20ac Adio available on Bandcamp <a href=\"https:\/\/schellkaroind.bandcamp.com\/album\/harsh-wardhan-bansuri-vol-2\">https:\/\/schellkaroind.bandcamp.com\/album\/harsh-wardhan-bansuri-vol-2<\/a><\/h5>\n\n\n<div class=\"wp-block-image\">\n<figure class=\"aligncenter is-resized\"><img loading=\"lazy\" decoding=\"async\" width=\"212\" height=\"300\" src=\"http:\/\/www.clicmusic.be\/wp-content\/uploads\/2020\/12\/Bansuri_Book_Vol2_C_Cover_P1Only_Page_1-212x300.jpeg\" alt=\"\" class=\"wp-image-625\" style=\"width:290px;height:auto\" srcset=\"https:\/\/www.clicmusic.be\/wp-content\/uploads\/2020\/12\/Bansuri_Book_Vol2_C_Cover_P1Only_Page_1-212x300.jpeg 212w, https:\/\/www.clicmusic.be\/wp-content\/uploads\/2020\/12\/Bansuri_Book_Vol2_C_Cover_P1Only_Page_1-724x1024.jpeg 724w, https:\/\/www.clicmusic.be\/wp-content\/uploads\/2020\/12\/Bansuri_Book_Vol2_C_Cover_P1Only_Page_1-768x1086.jpeg 768w, https:\/\/www.clicmusic.be\/wp-content\/uploads\/2020\/12\/Bansuri_Book_Vol2_C_Cover_P1Only_Page_1-1086x1536.jpeg 1086w, https:\/\/www.clicmusic.be\/wp-content\/uploads\/2020\/12\/Bansuri_Book_Vol2_C_Cover_P1Only_Page_1-1448x2048.jpeg 1448w, https:\/\/www.clicmusic.be\/wp-content\/uploads\/2020\/12\/Bansuri_Book_Vol2_C_Cover_P1Only_Page_1-141x200.jpeg 141w, https:\/\/www.clicmusic.be\/wp-content\/uploads\/2020\/12\/Bansuri_Book_Vol2_C_Cover_P1Only_Page_1.jpeg 1654w\" sizes=\"auto, (max-width: 212px) 100vw, 212px\" \/><\/figure>\n<\/div>\n\n\n<p>New: Volume 3 Only in English) 35 \u20ac with CD. In .df 25\u20ac . Audio available on Bandcamp (not included ) <a href=\"https:\/\/schellkaroind.bandcamp.com\/album\/harsh-wardhan-bansuri-vol-3\">https:\/\/schellkaroind.bandcamp.com\/album\/harsh-wardhan-bansuri-vol-3<\/a><\/p>\n\n\n<div class=\"wp-block-image\">\n<figure class=\"aligncenter size-full is-resized\"><img loading=\"lazy\" decoding=\"async\" width=\"573\" height=\"786\" src=\"https:\/\/www.clicmusic.be\/wp-content\/uploads\/2025\/03\/Bansuri_Book_Vol3_C_V1x12_P1Only_Page_1.png\" alt=\"\" class=\"wp-image-1047\" style=\"aspect-ratio:0.7290209595734667;width:218px;height:auto\" srcset=\"https:\/\/www.clicmusic.be\/wp-content\/uploads\/2025\/03\/Bansuri_Book_Vol3_C_V1x12_P1Only_Page_1.png 573w, https:\/\/www.clicmusic.be\/wp-content\/uploads\/2025\/03\/Bansuri_Book_Vol3_C_V1x12_P1Only_Page_1-219x300.png 219w, https:\/\/www.clicmusic.be\/wp-content\/uploads\/2025\/03\/Bansuri_Book_Vol3_C_V1x12_P1Only_Page_1-146x200.png 146w\" sizes=\"auto, (max-width: 573px) 100vw, 573px\" \/><\/figure>\n<\/div>\n\n\n<p><\/p>\n\n\n\n<h2 class=\"wp-block-heading\">The Sandip Banerjee Tabla<\/h2>\n\n\n\n<h4 class=\"wp-block-heading\">by Sandip Banerjee &amp; Daniel Schell<\/h4>\n\n\n\n<p>A step-by-step Tabla method for the beginners. CD included.<\/p>\n\n\n\n<p>Exists in English and French, with CD included <strong>35 \u20ac&nbsp;<\/strong><\/p>\n\n\n\n<p>Also available in .pdf for 25\u20ac<\/p>\n\n\n\n<p>Audio is available on Ban\u20acdcamp <a href=\"https:\/\/schellkaroind.bandcamp.com\/album\/tabla-steps\">https:\/\/schellkaroind.bandcamp.com\/album\/tabla-steps<\/a><\/p>\n\n\n<div class=\"wp-block-image\">\n<figure class=\"aligncenter\"><img decoding=\"async\" src=\"http:\/\/www.clicmusic.be\/images\/shop\/books\/Tabla_book-S_Banerjee-small.jpg\" alt=\"\"\/><\/figure>\n<\/div>\n\n<div class=\"wp-block-image\">\n<figure class=\"aligncenter\"><img loading=\"lazy\" decoding=\"async\" width=\"208\" height=\"300\" src=\"http:\/\/www.clicmusic.be\/wp-content\/uploads\/2017\/03\/Tabla_CD_S-208x300.jpg\" alt=\"\" class=\"wp-image-161\" srcset=\"https:\/\/www.clicmusic.be\/wp-content\/uploads\/2017\/03\/Tabla_CD_S-208x300.jpg 208w, https:\/\/www.clicmusic.be\/wp-content\/uploads\/2017\/03\/Tabla_CD_S.jpg 444w\" sizes=\"auto, (max-width: 208px) 100vw, 208px\" \/><\/figure>\n<\/div>","protected":false},"excerpt":{"rendered":"<p>Indian Music books Practice of Indian Music&nbsp; by Daniel Schell Exists in French: Pratique de la Musique Indienne in collaboration with Ashok Pathak, Dhruba Ghosh, Pandit Jasraj, Gauri Guha, Harsh Wardhan, Sangeeta Bandhyopadhyay and other masters. A detailed textbook on the practice of Hindustani music with about hundred exercises and &hellip;<\/p>\n","protected":false},"author":1,"featured_media":0,"parent":85,"menu_order":0,"comment_status":"closed","ping_status":"closed","template":"","meta":{"footnotes":""},"class_list":["post-49","page","type-page","status-publish","hentry"],"_links":{"self":[{"href":"https:\/\/www.clicmusic.be\/index.php\/wp-json\/wp\/v2\/pages\/49","targetHints":{"allow":["GET"]}}],"collection":[{"href":"https:\/\/www.clicmusic.be\/index.php\/wp-json\/wp\/v2\/pages"}],"about":[{"href":"https:\/\/www.clicmusic.be\/index.php\/wp-json\/wp\/v2\/types\/page"}],"author":[{"embeddable":true,"href":"https:\/\/www.clicmusic.be\/index.php\/wp-json\/wp\/v2\/users\/1"}],"replies":[{"embeddable":true,"href":"https:\/\/www.clicmusic.be\/index.php\/wp-json\/wp\/v2\/comments?post=49"}],"version-history":[{"count":5,"href":"https:\/\/www.clicmusic.be\/index.php\/wp-json\/wp\/v2\/pages\/49\/revisions"}],"predecessor-version":[{"id":1125,"href":"https:\/\/www.clicmusic.be\/index.php\/wp-json\/wp\/v2\/pages\/49\/revisions\/1125"}],"up":[{"embeddable":true,"href":"https:\/\/www.clicmusic.be\/index.php\/wp-json\/wp\/v2\/pages\/85"}],"wp:attachment":[{"href":"https:\/\/www.clicmusic.be\/index.php\/wp-json\/wp\/v2\/media?parent=49"}],"curies":[{"name":"wp","href":"https:\/\/api.w.org\/{rel}","templated":true}]}}