{"id":45,"date":"2017-03-17T12:18:54","date_gmt":"2017-03-17T11:18:54","guid":{"rendered":"http:\/\/clicmusikr.cluster017.ovh.net\/?page_id=45"},"modified":"2026-04-27T12:39:52","modified_gmt":"2026-04-27T10:39:52","slug":"karo-trio","status":"publish","type":"page","link":"https:\/\/www.clicmusic.be\/index.php\/artists\/new-music\/karo-trio\/","title":{"rendered":"Karo Trio"},"content":{"rendered":"\n<figure class=\"wp-block-gallery has-nested-images columns-default is-cropped wp-block-gallery-1 is-layout-flex wp-block-gallery-is-layout-flex\">\n<figure class=\"wp-block-image size-large\"><img loading=\"lazy\" decoding=\"async\" width=\"768\" height=\"1024\" data-id=\"752\" src=\"http:\/\/www.clicmusic.be\/wp-content\/uploads\/2022\/12\/Sandip_3tablas-768x1024.jpg\" alt=\"\" class=\"wp-image-752\" srcset=\"https:\/\/www.clicmusic.be\/wp-content\/uploads\/2022\/12\/Sandip_3tablas-768x1024.jpg 768w, https:\/\/www.clicmusic.be\/wp-content\/uploads\/2022\/12\/Sandip_3tablas-225x300.jpg 225w, https:\/\/www.clicmusic.be\/wp-content\/uploads\/2022\/12\/Sandip_3tablas-1152x1536.jpg 1152w, https:\/\/www.clicmusic.be\/wp-content\/uploads\/2022\/12\/Sandip_3tablas-150x200.jpg 150w, https:\/\/www.clicmusic.be\/wp-content\/uploads\/2022\/12\/Sandip_3tablas.jpg 1200w\" sizes=\"auto, (max-width: 768px) 100vw, 768px\" \/><\/figure>\n\n\n\n<figure class=\"wp-block-image size-large\"><img loading=\"lazy\" decoding=\"async\" width=\"768\" height=\"1024\" data-id=\"750\" src=\"http:\/\/www.clicmusic.be\/wp-content\/uploads\/2022\/12\/Wim-768x1024.jpg\" alt=\"\" class=\"wp-image-750\" srcset=\"https:\/\/www.clicmusic.be\/wp-content\/uploads\/2022\/12\/Wim-768x1024.jpg 768w, https:\/\/www.clicmusic.be\/wp-content\/uploads\/2022\/12\/Wim-225x300.jpg 225w, https:\/\/www.clicmusic.be\/wp-content\/uploads\/2022\/12\/Wim-1152x1536.jpg 1152w, https:\/\/www.clicmusic.be\/wp-content\/uploads\/2022\/12\/Wim-150x200.jpg 150w, https:\/\/www.clicmusic.be\/wp-content\/uploads\/2022\/12\/Wim.jpg 1200w\" sizes=\"auto, (max-width: 768px) 100vw, 768px\" \/><\/figure>\n\n\n\n<figure class=\"wp-block-image size-large\"><img loading=\"lazy\" decoding=\"async\" width=\"768\" height=\"1024\" data-id=\"751\" src=\"http:\/\/www.clicmusic.be\/wp-content\/uploads\/2022\/12\/Dan_Side-768x1024.jpg\" alt=\"\" class=\"wp-image-751\" srcset=\"https:\/\/www.clicmusic.be\/wp-content\/uploads\/2022\/12\/Dan_Side-768x1024.jpg 768w, https:\/\/www.clicmusic.be\/wp-content\/uploads\/2022\/12\/Dan_Side-225x300.jpg 225w, https:\/\/www.clicmusic.be\/wp-content\/uploads\/2022\/12\/Dan_Side-1152x1536.jpg 1152w, https:\/\/www.clicmusic.be\/wp-content\/uploads\/2022\/12\/Dan_Side-150x200.jpg 150w, https:\/\/www.clicmusic.be\/wp-content\/uploads\/2022\/12\/Dan_Side.jpg 1200w\" sizes=\"auto, (max-width: 768px) 100vw, 768px\" \/><\/figure>\n<figcaption class=\"blocks-gallery-caption wp-element-caption\">Sandip Banerjee, tabla &#8211; Wim de Winter, sarangi &#8211; Danie<\/figcaption><\/figure>\n\n\n<div class=\"wp-block-image\">\n<figure class=\"aligncenter size-large is-resized\"><img loading=\"lazy\" decoding=\"async\" width=\"683\" height=\"1024\" src=\"http:\/\/www.clicmusic.be\/wp-content\/uploads\/2022\/12\/K3_Wim_Daniel_Imran_ArtBAse20220921-4-683x1024.jpg\" alt=\"\" class=\"wp-image-753\" style=\"width:329px;height:493px\" srcset=\"https:\/\/www.clicmusic.be\/wp-content\/uploads\/2022\/12\/K3_Wim_Daniel_Imran_ArtBAse20220921-4-683x1024.jpg 683w, https:\/\/www.clicmusic.be\/wp-content\/uploads\/2022\/12\/K3_Wim_Daniel_Imran_ArtBAse20220921-4-200x300.jpg 200w, https:\/\/www.clicmusic.be\/wp-content\/uploads\/2022\/12\/K3_Wim_Daniel_Imran_ArtBAse20220921-4-768x1152.jpg 768w, https:\/\/www.clicmusic.be\/wp-content\/uploads\/2022\/12\/K3_Wim_Daniel_Imran_ArtBAse20220921-4-1024x1536.jpg 1024w, https:\/\/www.clicmusic.be\/wp-content\/uploads\/2022\/12\/K3_Wim_Daniel_Imran_ArtBAse20220921-4-1365x2048.jpg 1365w, https:\/\/www.clicmusic.be\/wp-content\/uploads\/2022\/12\/K3_Wim_Daniel_Imran_ArtBAse20220921-4-133x200.jpg 133w, https:\/\/www.clicmusic.be\/wp-content\/uploads\/2022\/12\/K3_Wim_Daniel_Imran_ArtBAse20220921-4-scaled.jpg 1707w\" sizes=\"auto, (max-width: 683px) 100vw, 683px\" \/><figcaption class=\"wp-element-caption\">Wim de Winter, Daniel Schell, Imran  Khan <\/figcaption><\/figure>\n<\/div>\n\n<h1 class=\"titre1\"><span style=\"color: #ff0000;\">Karo Trio<\/span><\/h1>\n<h4>Wim de Winter sarangi &#8211; Daniel Schell &#8211; tiptar (tap-guitar)\u00a0 &#8211; Sandip Banerjee &#8211; tabla, percussion<\/h4>\n<p>The musicians have all studied\u00a0 Classical Indian for years. They decided to use their experience to open a new horizon. Respecting the basic framework of Indian classical, they\u00a0 incorporate\u00a0 elctronics and all kinds of new harmonic forms and melodic improvisation .<\/p>\n<p>The compositions of <strong>Daniel Schell<\/strong>, are in direct continuation of the Karo concepts which he used in his previous opus with Ensemble Karo. He uses a MIDI connected two-regions tapping guitar.<\/p>\n<p><strong>Wim de Winter<\/strong> uses the sarangi connected to electronic devices. His musical approach comes from Indian masters and vocal music, and goes to new music concepts.<\/p>\n<p><strong>Sandip Banerjee<\/strong> uses the tabla as well as electronic percussion in all sorts of exploded rhythmics.\u00a0<\/p>\n<p><img loading=\"lazy\" decoding=\"async\" class=\"wp-image-749 aligncenter\" src=\"http:\/\/www.clicmusic.be\/wp-content\/uploads\/2022\/12\/SandWim_DanRAiseArm_02-1024x768.jpg\" alt=\"\" width=\"635\" height=\"476\" srcset=\"https:\/\/www.clicmusic.be\/wp-content\/uploads\/2022\/12\/SandWim_DanRAiseArm_02-1024x768.jpg 1024w, https:\/\/www.clicmusic.be\/wp-content\/uploads\/2022\/12\/SandWim_DanRAiseArm_02-300x225.jpg 300w, https:\/\/www.clicmusic.be\/wp-content\/uploads\/2022\/12\/SandWim_DanRAiseArm_02-768x576.jpg 768w, https:\/\/www.clicmusic.be\/wp-content\/uploads\/2022\/12\/SandWim_DanRAiseArm_02-267x200.jpg 267w, https:\/\/www.clicmusic.be\/wp-content\/uploads\/2022\/12\/SandWim_DanRAiseArm_02.jpg 1288w\" sizes=\"auto, (max-width: 635px) 100vw, 635px\" \/><\/p>\n<p style=\"text-align: center;\">\u00a0From L to R: Sandip Banerjee , Wim de Winter, Daniel Schell<\/p>\n<\/p>\n<p>Listen to Karo Trio album : Key of All Secrets on Bandcamp\u00a0 <a href=\"https:\/\/clicmusicart.bandcamp.com\/album\/karo-trio-key-of-all-secrets\">Key of All Secrets<\/a><!--more--><\/p>\n<p style=\"text-align: center;\">***<\/p>\n<h3>Previous forms of the Karo Trio<\/h3>\n<\/p>\n<p><img loading=\"lazy\" decoding=\"async\" class=\"alignnone  wp-image-645\" src=\"http:\/\/www.clicmusic.be\/wp-content\/uploads\/2022\/03\/K3_4399_GoodOne-1024x683.jpg\" alt=\"\" width=\"247\" height=\"165\" srcset=\"https:\/\/www.clicmusic.be\/wp-content\/uploads\/2022\/03\/K3_4399_GoodOne-1024x683.jpg 1024w, https:\/\/www.clicmusic.be\/wp-content\/uploads\/2022\/03\/K3_4399_GoodOne-300x200.jpg 300w, https:\/\/www.clicmusic.be\/wp-content\/uploads\/2022\/03\/K3_4399_GoodOne-768x512.jpg 768w, https:\/\/www.clicmusic.be\/wp-content\/uploads\/2022\/03\/K3_4399_GoodOne-1536x1024.jpg 1536w, https:\/\/www.clicmusic.be\/wp-content\/uploads\/2022\/03\/K3_4399_GoodOne-2048x1365.jpg 2048w\" sizes=\"auto, (max-width: 247px) 100vw, 247px\" \/><\/p>\n<p>Jean-Fran\u00e7ois Jones Jacab, Wim de WInter, Daniel Schell<\/p>\n<div align=\"center\">\n<p class=\"emphasis\">\n<p><img decoding=\"async\" src=\"http:\/\/www.clicmusic.be\/images\/artists\/K3_Lantos_01.jpg\" alt=\"\" height=\"300\" align=\"middle\" border=\"0\" \/>de gauche \u00e0 droite:<br \/><b>Daniel Schell (tiptar), Sandip Banerjee (tabla), Zoltan Lantos (violin)<br \/><\/b><\/p>\n<p style=\"text-align: left;\">Le Karo Trio est une \u00e9manation de l&#8217;Ensemble Karo, mais o\u00f9 l&#8217;improvisation joue un r\u00f4le plus important. Du point de vue de la composition, des principes harmoniques &#8220;math\u00e9matiques&#8221; comme le tuilage en &#8220;carreaux&#8221; sont appliqu\u00e9s \u00e0 toute une s\u00e9rie de sources musicales: modes divers, dont ceux de l&#8217;Inde, m\u00e9lodies antiques, m\u00e9lodies du folklore etc. le tout sous une forme rythmique vari\u00e9e et sautillante tr\u00e8s caract\u00e9ristique.<br \/>Le Karo Trio pr\u00e9pare une s\u00e9rie de projets instrumentaux: les &#8220;Karo Trio Improvisatore&#8221;. Ils sont destin\u00e9s \u00e0 d\u00e9velopper la facult\u00e9 d&#8217;impoviser chez l&#8217;instrumentiste classique. L&#8217;\u00e9criture est m\u00e9lang\u00e9e \u00e0 des moments d&#8217;improvisation. Les pi\u00e8ces suivent plus ou moins la forme classique en usage en Inde du nord: sections de tempos allant en s&#8217;acc\u00e9l\u00e9rant du tr\u00e8s lent au tr\u00e8s rapide, modalit\u00e9s et dessins m\u00e9lodiques \u00e0 respecter, cycles rythmiques et ornements sp\u00e9cifiques.<\/p>\n<p>La rythmique est assur\u00e9e par Daniel qui joue de la tiptare et Sandip Banerjee aux tabla-s.<\/p>\n<p>Video On YouTube<\/p>\n<p>Schell-Banerjee invite Zoltan Lantos in Theatre Marni<\/p>\n<p><a href=\"https:\/\/youtu.be\/jF5GR7Q_b9I\">short version<\/a><\/p>\n<p><img loading=\"lazy\" decoding=\"async\" class=\"alignnone  wp-image-307\" src=\"http:\/\/www.clicmusic.be\/wp-content\/uploads\/2019\/05\/SBZ_03-300x200.jpg\" alt=\"\" width=\"569\" height=\"379\" srcset=\"https:\/\/www.clicmusic.be\/wp-content\/uploads\/2019\/05\/SBZ_03-300x200.jpg 300w, https:\/\/www.clicmusic.be\/wp-content\/uploads\/2019\/05\/SBZ_03.jpg 720w\" sizes=\"auto, (max-width: 569px) 100vw, 569px\" \/><\/p>\n<h3>Discographie:<\/h3>\n<table>\n<tbody>\n<tr>\n<td width=\"40%\">L&#8217;Or du Fou &#8211; Fool&#8217;s gold<\/td>\n<td width=\"15%\">ClicMusic<\/td>\n<td width=\"45%\">\u00a0<\/td>\n<\/tr>\n<tr>\n<td>Karo Trio Delhi: &#8221; Live in Delhi&#8221;<\/td>\n<td>Clic Music<\/td>\n<td>\u00a0<\/td>\n<\/tr>\n<\/tbody>\n<\/table>\n<\/div>\n\n\n<p>a<\/p>\n\n\n\n<figure class=\"wp-block-gallery has-nested-images columns-default is-cropped wp-block-gallery-2 is-layout-flex wp-block-gallery-is-layout-flex\">\n<figure class=\"wp-block-image size-large\"><img loading=\"lazy\" decoding=\"async\" width=\"427\" height=\"320\" data-id=\"1130\" src=\"https:\/\/www.clicmusic.be\/wp-content\/uploads\/2026\/04\/K3F-Stage-Pune1.jpg\" alt=\"\" class=\"wp-image-1130\" srcset=\"https:\/\/www.clicmusic.be\/wp-content\/uploads\/2026\/04\/K3F-Stage-Pune1.jpg 427w, https:\/\/www.clicmusic.be\/wp-content\/uploads\/2026\/04\/K3F-Stage-Pune1-300x225.jpg 300w, https:\/\/www.clicmusic.be\/wp-content\/uploads\/2026\/04\/K3F-Stage-Pune1-267x200.jpg 267w\" sizes=\"auto, (max-width: 427px) 100vw, 427px\" \/><\/figure>\n\n\n\n<figure class=\"wp-block-image size-large\"><img loading=\"lazy\" decoding=\"async\" width=\"1024\" height=\"728\" data-id=\"1129\" src=\"https:\/\/www.clicmusic.be\/wp-content\/uploads\/2026\/04\/20240430_K3_Fab_Steph-1024x728.jpg\" alt=\"\" class=\"wp-image-1129\" srcset=\"https:\/\/www.clicmusic.be\/wp-content\/uploads\/2026\/04\/20240430_K3_Fab_Steph-1024x728.jpg 1024w, https:\/\/www.clicmusic.be\/wp-content\/uploads\/2026\/04\/20240430_K3_Fab_Steph-300x213.jpg 300w, https:\/\/www.clicmusic.be\/wp-content\/uploads\/2026\/04\/20240430_K3_Fab_Steph-768x546.jpg 768w, https:\/\/www.clicmusic.be\/wp-content\/uploads\/2026\/04\/20240430_K3_Fab_Steph-1536x1092.jpg 1536w, https:\/\/www.clicmusic.be\/wp-content\/uploads\/2026\/04\/20240430_K3_Fab_Steph-2048x1457.jpg 2048w, https:\/\/www.clicmusic.be\/wp-content\/uploads\/2026\/04\/20240430_K3_Fab_Steph-281x200.jpg 281w\" sizes=\"auto, (max-width: 1024px) 100vw, 1024px\" \/><\/figure>\n\n\n\n<figure class=\"wp-block-image size-large\"><img loading=\"lazy\" decoding=\"async\" width=\"1024\" height=\"1024\" data-id=\"1127\" src=\"https:\/\/www.clicmusic.be\/wp-content\/uploads\/2026\/04\/IMG-20260425-WA0013-1024x1024.jpg\" alt=\"\" class=\"wp-image-1127\" srcset=\"https:\/\/www.clicmusic.be\/wp-content\/uploads\/2026\/04\/IMG-20260425-WA0013-1024x1024.jpg 1024w, https:\/\/www.clicmusic.be\/wp-content\/uploads\/2026\/04\/IMG-20260425-WA0013-300x300.jpg 300w, https:\/\/www.clicmusic.be\/wp-content\/uploads\/2026\/04\/IMG-20260425-WA0013-150x150.jpg 150w, https:\/\/www.clicmusic.be\/wp-content\/uploads\/2026\/04\/IMG-20260425-WA0013-768x768.jpg 768w, https:\/\/www.clicmusic.be\/wp-content\/uploads\/2026\/04\/IMG-20260425-WA0013-200x200.jpg 200w, https:\/\/www.clicmusic.be\/wp-content\/uploads\/2026\/04\/IMG-20260425-WA0013.jpg 1440w\" sizes=\"auto, (max-width: 1024px) 100vw, 1024px\" \/><\/figure>\n<\/figure>\n\n\n\n<p>The Karo Trio Delhi &#8211; Fabrice de Graef, bansuri -Carlo Strazzante, percuussion, Daniel Schell, tiptazr &#8211; was invited by the Indian Governmdent ICCR to tour India. After Mumbai and Pune, They played a concert in Delhi, in front of  persons. The recording of theis concert is on their album: Karfo Trio in Delhi. <\/p>\n","protected":false},"excerpt":{"rendered":"<p>Karo Trio Wim de Winter sarangi &#8211; Daniel Schell &#8211; tiptar (tap-guitar)\u00a0 &#8211; Sandip Banerjee &#8211; tabla, percussion The musicians have all studied\u00a0 Classical Indian for years. They decided to use their experience to open a new horizon. Respecting the basic framework of Indian classical, they\u00a0 incorporate\u00a0 elctronics and all &hellip;<\/p>\n","protected":false},"author":1,"featured_media":0,"parent":43,"menu_order":0,"comment_status":"closed","ping_status":"closed","template":"","meta":{"footnotes":""},"class_list":["post-45","page","type-page","status-publish","hentry"],"_links":{"self":[{"href":"https:\/\/www.clicmusic.be\/index.php\/wp-json\/wp\/v2\/pages\/45","targetHints":{"allow":["GET"]}}],"collection":[{"href":"https:\/\/www.clicmusic.be\/index.php\/wp-json\/wp\/v2\/pages"}],"about":[{"href":"https:\/\/www.clicmusic.be\/index.php\/wp-json\/wp\/v2\/types\/page"}],"author":[{"embeddable":true,"href":"https:\/\/www.clicmusic.be\/index.php\/wp-json\/wp\/v2\/users\/1"}],"replies":[{"embeddable":true,"href":"https:\/\/www.clicmusic.be\/index.php\/wp-json\/wp\/v2\/comments?post=45"}],"version-history":[{"count":11,"href":"https:\/\/www.clicmusic.be\/index.php\/wp-json\/wp\/v2\/pages\/45\/revisions"}],"predecessor-version":[{"id":1132,"href":"https:\/\/www.clicmusic.be\/index.php\/wp-json\/wp\/v2\/pages\/45\/revisions\/1132"}],"up":[{"embeddable":true,"href":"https:\/\/www.clicmusic.be\/index.php\/wp-json\/wp\/v2\/pages\/43"}],"wp:attachment":[{"href":"https:\/\/www.clicmusic.be\/index.php\/wp-json\/wp\/v2\/media?parent=45"}],"curies":[{"name":"wp","href":"https:\/\/api.w.org\/{rel}","templated":true}]}}