{"id":408,"date":"2020-03-20T19:16:35","date_gmt":"2020-03-20T18:16:35","guid":{"rendered":"http:\/\/www.clicmusic.be\/?page_id=408"},"modified":"2020-04-13T23:05:39","modified_gmt":"2020-04-13T21:05:39","slug":"swiss-chalet","status":"publish","type":"page","link":"https:\/\/www.clicmusic.be\/index.php\/artists\/cos\/swiss-chalet\/","title":{"rendered":"Swiss Chalet"},"content":{"rendered":"\n<p>Cos Fourth Album, 1979 . Page under construction<\/p>\n\n\n\n<figure class=\"wp-block-image size-large\"><img loading=\"lazy\" decoding=\"async\" width=\"1024\" height=\"1017\" src=\"http:\/\/www.clicmusic.be\/wp-content\/uploads\/2020\/03\/COS_Swiss_Chalet_Front_S-1024x1017.jpg\" alt=\"\" class=\"wp-image-449\" srcset=\"https:\/\/www.clicmusic.be\/wp-content\/uploads\/2020\/03\/COS_Swiss_Chalet_Front_S-1024x1017.jpg 1024w, https:\/\/www.clicmusic.be\/wp-content\/uploads\/2020\/03\/COS_Swiss_Chalet_Front_S-300x298.jpg 300w, https:\/\/www.clicmusic.be\/wp-content\/uploads\/2020\/03\/COS_Swiss_Chalet_Front_S-150x150.jpg 150w, https:\/\/www.clicmusic.be\/wp-content\/uploads\/2020\/03\/COS_Swiss_Chalet_Front_S-768x763.jpg 768w, https:\/\/www.clicmusic.be\/wp-content\/uploads\/2020\/03\/COS_Swiss_Chalet_Front_S.jpg 1419w\" sizes=\"auto, (max-width: 1024px) 100vw, 1024px\" \/><figcaption>From L to R: Daniel Schell, Pascale Son. Photo and graphic concept Jeep Novak. <\/figcaption><\/figure>\n\n\n\n<figure class=\"wp-block-gallery columns-2 is-cropped wp-block-gallery-1 is-layout-flex wp-block-gallery-is-layout-flex\"><ul class=\"blocks-gallery-grid\"><li class=\"blocks-gallery-item\"><figure><img loading=\"lazy\" decoding=\"async\" width=\"1024\" height=\"990\" src=\"http:\/\/www.clicmusic.be\/wp-content\/uploads\/2020\/03\/COS_SwissChalet_Libretto_S-1024x990.jpg\" alt=\"\" data-id=\"461\" data-full-url=\"http:\/\/www.clicmusic.be\/wp-content\/uploads\/2020\/03\/COS_SwissChalet_Libretto_S.jpg\" data-link=\"http:\/\/www.clicmusic.be\/cos_swisschalet_libretto_s\/\" class=\"wp-image-461\" srcset=\"https:\/\/www.clicmusic.be\/wp-content\/uploads\/2020\/03\/COS_SwissChalet_Libretto_S-1024x990.jpg 1024w, https:\/\/www.clicmusic.be\/wp-content\/uploads\/2020\/03\/COS_SwissChalet_Libretto_S-300x290.jpg 300w, https:\/\/www.clicmusic.be\/wp-content\/uploads\/2020\/03\/COS_SwissChalet_Libretto_S-768x742.jpg 768w, https:\/\/www.clicmusic.be\/wp-content\/uploads\/2020\/03\/COS_SwissChalet_Libretto_S.jpg 1438w\" sizes=\"auto, (max-width: 1024px) 100vw, 1024px\" \/><figcaption class=\"blocks-gallery-item__caption\">The Photo Libretto <\/figcaption><\/figure><\/li><li class=\"blocks-gallery-item\"><figure><img loading=\"lazy\" decoding=\"async\" width=\"1024\" height=\"1013\" src=\"http:\/\/www.clicmusic.be\/wp-content\/uploads\/2020\/03\/Cos_Swiss_Chalet_Lyrics_S-1-1024x1013.jpg\" alt=\"\" data-id=\"462\" data-full-url=\"http:\/\/www.clicmusic.be\/wp-content\/uploads\/2020\/03\/Cos_Swiss_Chalet_Lyrics_S-1.jpg\" data-link=\"http:\/\/www.clicmusic.be\/cos_swiss_chalet_lyrics_s-2\/\" class=\"wp-image-462\" srcset=\"https:\/\/www.clicmusic.be\/wp-content\/uploads\/2020\/03\/Cos_Swiss_Chalet_Lyrics_S-1-1024x1013.jpg 1024w, https:\/\/www.clicmusic.be\/wp-content\/uploads\/2020\/03\/Cos_Swiss_Chalet_Lyrics_S-1-300x297.jpg 300w, https:\/\/www.clicmusic.be\/wp-content\/uploads\/2020\/03\/Cos_Swiss_Chalet_Lyrics_S-1-768x760.jpg 768w, https:\/\/www.clicmusic.be\/wp-content\/uploads\/2020\/03\/Cos_Swiss_Chalet_Lyrics_S-1.jpg 1421w\" sizes=\"auto, (max-width: 1024px) 100vw, 1024px\" \/><figcaption class=\"blocks-gallery-item__caption\">The lyrics<\/figcaption><\/figure><\/li><\/ul><\/figure>\n\n\n\n<p>Swiss Chalet is the first Opera attempt by Daniel Schell . With pieces of different genres going from Swiss to Africa, it follows in fact a novel-libretto written by Daniel and helped by the graphic innovators Jeep Novak and Jean-Fran\u00e7ois Octave.<\/p>\n\n\n\n<p><a href=\"https:\/\/1drv.ms\/b\/s!AhZLo3TFhkcTsoJ1pgKMILpKQ_778g?e=SfYgHL\">Swiss Chal<\/a>et The Libretto of the album<\/p>\n\n\n\n<p><a href=\"http:\/\/www.clicmusic.be\/index.php\/artists\/cos\/swiss-chalet\/swiss-chalet-media\/\">Swiss Chalet, the Media<\/a><\/p>\n\n\n\n<p>Swiss Chalet The Novel by Daniel Schell and Graphic N<a href=\"http:\/\/www.clicmusic.be\/wp-admin\/post.php?post=488&amp;action=edit\">ovel<\/a> drawn by Jean_Fran\u00e7ois Octave<\/p>\n\n\n\n<p><\/p>\n\n\n\n<p>Swiss Chalet est la premi\u00e8re tentative d&#8217;op\u00e9ra de Daniel Schell. Les pi\u00e8ces sont de genres tr\u00e8s diff\u00e9rents, se promenant de l&#8217;europ\u00e9en \u00e0 l&#8217;africain, mais la trame suit un roman\/livret \u00e9crit par Daniel. <\/p>\n\n\n\n<p>Musiciens\/Musicians: Pascale Son, vocal &#8211; Daniel Schell &#8211; guitars &#8211; Charles Loos &#8211; Keyboards &#8211; Alain Goutier, bass &#8211; Jean Mutsari, bass, choirs, percussion- Philippe Allaert, drums, choir, percussion. Recorded : August 1979, by Christian Ramon, Shiva studio, , Artistic Producer: Christian Albin. Label: IBC-EMI Executive Producer Henri Heymans- Co-Produced by Booots Vertrieb and Zwei Tausend Eins. <\/p>\n","protected":false},"excerpt":{"rendered":"<p>Cos Fourth Album, 1979 . Page under construction Swiss Chalet is the first Opera attempt by Daniel Schell . With pieces of different genres going from Swiss to Africa, it follows in fact a novel-libretto written by Daniel and helped by the graphic innovators Jeep Novak and Jean-Fran\u00e7ois Octave. Swiss &hellip;<\/p>\n","protected":false},"author":3,"featured_media":0,"parent":142,"menu_order":3,"comment_status":"closed","ping_status":"closed","template":"","meta":{"footnotes":""},"class_list":["post-408","page","type-page","status-publish","hentry"],"_links":{"self":[{"href":"https:\/\/www.clicmusic.be\/index.php\/wp-json\/wp\/v2\/pages\/408","targetHints":{"allow":["GET"]}}],"collection":[{"href":"https:\/\/www.clicmusic.be\/index.php\/wp-json\/wp\/v2\/pages"}],"about":[{"href":"https:\/\/www.clicmusic.be\/index.php\/wp-json\/wp\/v2\/types\/page"}],"author":[{"embeddable":true,"href":"https:\/\/www.clicmusic.be\/index.php\/wp-json\/wp\/v2\/users\/3"}],"replies":[{"embeddable":true,"href":"https:\/\/www.clicmusic.be\/index.php\/wp-json\/wp\/v2\/comments?post=408"}],"version-history":[{"count":15,"href":"https:\/\/www.clicmusic.be\/index.php\/wp-json\/wp\/v2\/pages\/408\/revisions"}],"predecessor-version":[{"id":499,"href":"https:\/\/www.clicmusic.be\/index.php\/wp-json\/wp\/v2\/pages\/408\/revisions\/499"}],"up":[{"embeddable":true,"href":"https:\/\/www.clicmusic.be\/index.php\/wp-json\/wp\/v2\/pages\/142"}],"wp:attachment":[{"href":"https:\/\/www.clicmusic.be\/index.php\/wp-json\/wp\/v2\/media?parent=408"}],"curies":[{"name":"wp","href":"https:\/\/api.w.org\/{rel}","templated":true}]}}