{"id":126,"date":"2017-03-27T16:48:49","date_gmt":"2017-03-27T14:48:49","guid":{"rendered":"http:\/\/clicmusikr.cluster017.ovh.net\/?page_id=126"},"modified":"2017-03-27T16:48:49","modified_gmt":"2017-03-27T14:48:49","slug":"gauri-guha","status":"publish","type":"page","link":"https:\/\/www.clicmusic.be\/index.php\/artists\/indian-artists\/gauri-guha\/","title":{"rendered":"Gauri Guha"},"content":{"rendered":"<div id=\"t3-mainbody\" class=\"container t3-mainbody\">\n<div class=\"row\">\n<div id=\"t3-content\" class=\"t3-content span12\">\n<div class=\"item-page clearfix\">\n<article>\n<section class=\"article-content clearfix\">\n<p class=\"titre1\">\n<p align=\"center\"><img decoding=\"async\" src=\"http:\/\/www.clicmusic.be\/images\/artists\/Guha_Gauri-01.JPG\" alt=\"\" height=\"300\" border=\"0\" \/><\/p>\n<p align=\"center\"><b>Gauri Guha<\/b> (photo Laura Wester, C Clic Music)<\/p>\n<p class=\"paragraph\">Gauri Guha is vocalist in the Indian classical khayal style. She has a remarkable repertoire of pure classical pieces as well as lighter genre such as thumri and bhajans. She obtained first class in Sangeet Visharad, (Bachelor of Music) from Bhatkhande Sangeet Vidyapith, Lucknow, India. then an M.A. degree in Bengali Literature from Jadavpur University.<br \/>\nGauri has been studying Hindustani classical music from a very early age and still considers herself a student. In the past she has been a disciple of Pandit A. Kanan and Malabika Kanan of the Sangeet Research\u00a0 Academy in Calcutta.<\/p>\n<p class=\"paragraph\">Currently, she studies with the world-renowned Pandit Ajoy Chakrabarty, who is a resident teacher of the Sangeet Research Academy. She shares her time between Canada where she teaches, and Kolkata where she still studies and brings her art to perfection with renowned masters. Gauri was sent by the Government of India to the Indian Cultural Centre, Indian High Commission, Guyana, South America, as a Cultural Officer\/Music Teacher for 3 years.<\/p>\n<p>Gauri has performed extensively in North-America, Caribbean, India, as well as in Europe. In Belgium she is a regular teacher at the Sangit Academy and at the summer seminar of the \u201cAcad\u00e9mie d&#8217;\u00e9t\u00e9 de Wallonie\u201d. The Karo Trio, with Daniel Schell (tiptar).\u00a0 and Sandip Banerjee (tabla) has already invited Gauri for concerts and Festivals in Europe. Gauri has 8 albums to her credit. A CD was produced at the Lille Festival, France, where Gauri sang at a movie called The Hindu Tomb by Fritz Lang. Currently Gauri is working at the \u201cGauri Guha songbook\u201d with Daniel Schell<\/p>\n<\/section>\n<\/article>\n<\/div>\n<\/div>\n<\/div>\n<\/div>\n<nav class=\"wrap t3-navhelper\">\n<div class=\"container\"><\/div>\n<\/nav>\n<footer id=\"t3-footer\" class=\"wrap t3-footer\">\n<div class=\"container\"><\/div>\n<section class=\"t3-copyright\">\n<div class=\"container\"><\/div>\n<\/section>\n<\/footer>\n","protected":false},"excerpt":{"rendered":"<p>Gauri Guha (photo Laura Wester, C Clic Music) Gauri Guha is vocalist in the Indian classical khayal style. She has a remarkable repertoire of pure classical pieces as well as lighter genre such as thumri and bhajans. She obtained first class in Sangeet Visharad, (Bachelor of Music) from Bhatkhande Sangeet &hellip;<\/p>\n","protected":false},"author":1,"featured_media":0,"parent":35,"menu_order":5,"comment_status":"closed","ping_status":"closed","template":"","meta":{"footnotes":""},"class_list":["post-126","page","type-page","status-publish","hentry"],"_links":{"self":[{"href":"https:\/\/www.clicmusic.be\/index.php\/wp-json\/wp\/v2\/pages\/126","targetHints":{"allow":["GET"]}}],"collection":[{"href":"https:\/\/www.clicmusic.be\/index.php\/wp-json\/wp\/v2\/pages"}],"about":[{"href":"https:\/\/www.clicmusic.be\/index.php\/wp-json\/wp\/v2\/types\/page"}],"author":[{"embeddable":true,"href":"https:\/\/www.clicmusic.be\/index.php\/wp-json\/wp\/v2\/users\/1"}],"replies":[{"embeddable":true,"href":"https:\/\/www.clicmusic.be\/index.php\/wp-json\/wp\/v2\/comments?post=126"}],"version-history":[{"count":1,"href":"https:\/\/www.clicmusic.be\/index.php\/wp-json\/wp\/v2\/pages\/126\/revisions"}],"predecessor-version":[{"id":127,"href":"https:\/\/www.clicmusic.be\/index.php\/wp-json\/wp\/v2\/pages\/126\/revisions\/127"}],"up":[{"embeddable":true,"href":"https:\/\/www.clicmusic.be\/index.php\/wp-json\/wp\/v2\/pages\/35"}],"wp:attachment":[{"href":"https:\/\/www.clicmusic.be\/index.php\/wp-json\/wp\/v2\/media?parent=126"}],"curies":[{"name":"wp","href":"https:\/\/api.w.org\/{rel}","templated":true}]}}